{"id":327,"date":"2016-05-14T18:25:25","date_gmt":"2016-05-14T16:25:25","guid":{"rendered":"http:\/\/webshop.carantos.be\/product\/cafe-decafeine-en-graines\/"},"modified":"2021-11-29T14:44:09","modified_gmt":"2021-11-29T13:44:09","slug":"cafe-decafeine-en-graines","status":"publish","type":"product","link":"https:\/\/webshop.carantos.be\/fr\/produit\/cafe-decafeine-en-graines\/","title":{"rendered":"Caf\u00e9 d\u00e9caf\u00e9in\u00e9 en graines"},"content":{"rendered":"<p>Poids: 1 kilo<br \/>\nPrix au kilo: 20,00 euro<br \/>\nComposition: un m\u00e9lange de caf\u00e9s Arabica torr\u00e9fi\u00e9 naturellement, sans caf\u00e9ine.<br \/>\nConservation: conserver dans un endroit sec, sombre et frais | dans l\u2019emballage intact \u00e0 conserver jusqu\u2019\u00e0 15 mois ult\u00e9rieur \u00e0 la date de production.<br \/>\nInfo allerg\u00e8ne: pas de mention sp\u00e9cifique <\/p>\n","protected":false},"excerpt":{"rendered":"<h4><span style=\"color: #c31632;\">Un m\u00e9lange de graines de caf\u00e9 100% arabica<\/span><\/h4>\n<p>Il y a deux types de grains de caf\u00e9 : les vari\u00e9t\u00e9s Arabica proviennent principalement de l\u2019Am\u00e9rique du Sud. Les grains sont plus grands que ceux de Robusta, plus doux en arri\u00e8re-go\u00fbt et contiennent moins de caf\u00e9ine. Le Robusta provient principalement de l\u2019Afrique et du Vietnam, est plus facile \u00e0 cultiver et a une plus grande r\u00e9colte. Par contre le go\u00fbt est plus amer. <\/p>\n<h4><span style=\"color: #c31632;\">D\u00e9caf\u00e9in\u00e9<\/span><\/h4>\n<p>Ce caf\u00e9 est id\u00e9al pour ceux qui veulent \u00e9viter la caf\u00e9ine sans renoncer au bon arri\u00e8re-go\u00fbt de notre caf\u00e9.<\/p>\n<h4><span style=\"color: #c31632;\">Utilisation du caf\u00e9 d\u00e9caf\u00e9in\u00e9 de Carantos<\/span><\/h4>\n<p>En grains ce caf\u00e9 est id\u00e9al pour la pr\u00e9paration d\u2019une bonne tasse d\u2019espresso plein de go\u00fbts. .<\/p>\n","protected":false},"featured_media":324,"comment_status":"closed","ping_status":"closed","template":"","meta":[],"product_cat":[33],"product_tag":[],"_links":{"self":[{"href":"https:\/\/webshop.carantos.be\/fr\/wp-json\/wp\/v2\/product\/327"}],"collection":[{"href":"https:\/\/webshop.carantos.be\/fr\/wp-json\/wp\/v2\/product"}],"about":[{"href":"https:\/\/webshop.carantos.be\/fr\/wp-json\/wp\/v2\/types\/product"}],"replies":[{"embeddable":true,"href":"https:\/\/webshop.carantos.be\/fr\/wp-json\/wp\/v2\/comments?post=327"}],"wp:featuredmedia":[{"embeddable":true,"href":"https:\/\/webshop.carantos.be\/fr\/wp-json\/wp\/v2\/media\/324"}],"wp:attachment":[{"href":"https:\/\/webshop.carantos.be\/fr\/wp-json\/wp\/v2\/media?parent=327"}],"wp:term":[{"taxonomy":"product_cat","embeddable":true,"href":"https:\/\/webshop.carantos.be\/fr\/wp-json\/wp\/v2\/product_cat?post=327"},{"taxonomy":"product_tag","embeddable":true,"href":"https:\/\/webshop.carantos.be\/fr\/wp-json\/wp\/v2\/product_tag?post=327"}],"curies":[{"name":"wp","href":"https:\/\/api.w.org\/{rel}","templated":true}]}}